{"id":17433,"date":"2024-10-23T10:01:24","date_gmt":"2024-10-23T10:01:24","guid":{"rendered":"https:\/\/arche.plus\/anmeldung-fuer-kursleiter\/"},"modified":"2024-11-01T07:41:22","modified_gmt":"2024-11-01T07:41:22","slug":"akademia-krolestwa-rejestracja-dla-liderow-kursow","status":"publish","type":"page","link":"https:\/\/arche.plus\/pl\/akademia-krolestwa-rejestracja-dla-liderow-kursow\/","title":{"rendered":"Rejestracja w Akademii Kr\u00f3lestwa dla lider\u00f3w kurs\u00f3w"},"content":{"rendered":"<div id=\"tutor-registration-wrap\">\n\n\t\t\n\t\t<form method=\"post\" enctype=\"multipart\/form-data\" id=\"tutor-registration-form\" action=\"\">\n\n\t\t\t\n\t\t\t<input type=\"hidden\" id=\"_tutor_nonce\" name=\"_tutor_nonce\" value=\"734c8514f5\" \/><input type=\"hidden\" name=\"_wp_http_referer\" value=\"\/pl\/wp-json\/wp\/v2\/pages\/17433\" \/>\t\t\t<input type=\"hidden\" value=\"tutor_register_instructor\" name=\"tutor_action\"\/>\n\n\t\t\t\n\t\t\t<div class=\"tutor-form-row\">\n\t\t\t\t<div class=\"tutor-form-col-6\">\n\t\t\t\t\t<div class=\"tutor-form-group\">\n\t\t\t\t\t\t<label>\n\t\t\t\t\t\t\tImi\u0119\t\t\t\t\t\t<\/label>\n\n\t\t\t\t\t\t<input type=\"text\" name=\"first_name\" value=\"\" placeholder=\"Imi\u0119\" required autocomplete=\"given-name\">\n\t\t\t\t\t<\/div>\n\t\t\t\t<\/div>\n\n\t\t\t\t<div class=\"tutor-form-col-6\">\n\t\t\t\t\t<div class=\"tutor-form-group\">\n\t\t\t\t\t\t<label>\n\t\t\t\t\t\t\tNazwisko\t\t\t\t\t\t<\/label>\n\n\t\t\t\t\t\t<input type=\"text\" name=\"last_name\" value=\"\" placeholder=\"Nazwisko\" required autocomplete=\"family-name\">\n\t\t\t\t\t<\/div>\n\t\t\t\t<\/div>\n\n\n\t\t\t<\/div>\n\n\t\t\t<div class=\"tutor-form-row\">\n\n\t\t\t\t<div class=\"tutor-form-col-6\">\n\t\t\t\t\t<div class=\"tutor-form-group\">\n\t\t\t\t\t\t<label>\n\t\t\t\t\t\t\tNazwa u\u017cytkownika\t\t\t\t\t\t<\/label>\n\n\t\t\t\t\t\t<input type=\"text\" name=\"user_login\" class=\"tutor_user_name\" value=\"\" placeholder=\"Nazwa u\u017cytkownika\" required autocomplete=\"username\">\n\t\t\t\t\t<\/div>\n\t\t\t\t<\/div>\n\n\t\t\t\t<div class=\"tutor-form-col-6\">\n\t\t\t\t\t<div class=\"tutor-form-group\">\n\t\t\t\t\t\t<label>\n\t\t\t\t\t\t\tAdres e-mail\t\t\t\t\t\t<\/label>\n\n\t\t\t\t\t\t<input type=\"text\" name=\"email\" value=\"\" placeholder=\"Adres e-mail\" required autocomplete=\"email\">\n\t\t\t\t\t<\/div>\n\t\t\t\t<\/div>\n\n\t\t\t<\/div>\n\n\t\t\t<div class=\"tutor-form-row\">\n\t\t\t\t<div class=\"tutor-form-col-6\">\n\t\t\t\t\t<div class=\"tutor-form-group\">\n\t\t\t\t\t\t<div class=\"tutor-password-strength-checker\">\n\t\t\t\t\t\t\t<div class=\"tutor-password-field\">\n\t\t\t\t\t\t\t\t<label>\n\t\t\t\t\t\t\t\t\tHas\u0142o\t\t\t\t\t\t\t\t<\/label>\n\n\t\t\t\t\t\t\t\t<input class=\"password-checker\" id=\"tutor-new-password\" type=\"password\" name=\"password\" value=\"\" placeholder=\"Has\u0142o\" required autocomplete=\"new-password\">\n\t\t\t\t\t\t\t\t<span class=\"show-hide-btn\"><\/span>\n\t\t\t\t\t\t\t<\/div>\n\t\t\t\t\t\t\t<div class=\"tutor-password-strength-hint\">\n\t\t\t\t\t\t\t\t<div class=\"indicator\">\n\t\t\t\t\t\t\t\t\t<span class=\"weak\"><\/span>\n\t\t\t\t\t\t\t\t\t<span class=\"medium\"><\/span>\n\t\t\t\t\t\t\t\t\t<span class=\"strong\"><\/span>\n\t\t\t\t\t\t\t\t<\/div>\n\t\t\t\t\t\t\t\t<div class=\"text tutor-fs-7 tutor-color-muted\"><\/div>\n\t\t\t\t\t\t\t<\/div>\n\t\t\t\t\t\t<\/div>\n\t\t\t\t\t<\/div>\n\t\t\t\t<\/div>\n\n\t\t\t\t<div class=\"tutor-form-col-6\">\n\t\t\t\t\t<div class=\"tutor-form-group\">\n\t\t\t\t\t\t<label>\n\t\t\t\t\t\t\tPotwierdzenie has\u0142a\t\t\t\t\t\t<\/label>\n\n\t\t\t\t\t\t<div class=\"tutor-form-wrap\">\n\t\t\t\t\t\t\t<span class=\"tutor-validation-icon tutor-icon-mark tutor-color-success tutor-form-icon tutor-form-icon-reverse\" style=\"display: none;\"><\/span>\n\t\t\t\t\t\t\t<input type=\"password\" name=\"password_confirmation\" value=\"\" placeholder=\"Potwierdzenie has\u0142a\" required autocomplete=\"new-password\" style=\"margin-bottom: 0;\">\n\t\t\t\t\t\t<\/div>\n\t\t\t\t\t<\/div>\n\t\t\t\t<\/div>\n\t\t\t<\/div>\n\n\t\t\t<div class=\"tutor-form-row\">\n\t\t\t\t<div class=\"tutor-form-col-12\">\n\t\t\t\t\t<div class=\"tutor-form-group\">\n\t\t\t\t\t\t\t\t\t\t\t<\/div>\n\t\t\t\t<\/div>\n\t\t\t<\/div> \n\n\t\t\t\n\t\t\t\n\t\t\t\t\t\t\t<div class=\"tutor-mb-24\">\n\t\t\t\t\tRejestruj\u0105c si\u0119, zgadzam si\u0119 z regulaminem witryny <a target=\"_blank\" href=\"https:\/\/arche.plus\/pl\/warunki-uzytkowania\/\" title=\"Regulamin i zasady\">Regulamin i zasady<\/a>\n\t\t\t\t<\/div>\n\t\t\t\n\t\t\t<div>\n\t\t\t\t<button type=\"submit\" name=\"tutor_register_instructor_btn\" value=\"register\" class=\"tutor-btn tutor-btn-primary tutor-btn-block\">Zarejestruj si\u0119 jako instruktor<\/button>\n\t\t\t<\/div>\n\t\t\t\n\t\t<input type=\"hidden\" name=\"trp-form-language\" value=\"pl\"\/><\/form>\n\t\t\t<\/div>","protected":false},"excerpt":{"rendered":"<p>Imi\u0119 Nazwisko Nazwa u\u017cytkownika Adres e-mail Has\u0142o Potwierdzenie has\u0142a Rejestruj\u0105c si\u0119, zgadzam si\u0119 z regulaminem witryny Regulamin i zasady Zarejestruj si\u0119 jako instruktor<\/p>","protected":false},"author":1,"featured_media":0,"parent":0,"menu_order":0,"comment_status":"closed","ping_status":"closed","template":"","meta":{"give_campaign_id":0,"_tbt_post_transparent":"","_tbt_post_title":"","_tbt_post_layout":"","_tbt_post_sidebar_id":"","_tbt_post_content_style":"","_tbt_post_vertical_padding":"","_tbt_post_feature":"","_tbt_post_feature_position":"","_tbt_post_header":false,"_tbt_post_footer":false},"class_list":["post-17433","page","type-page","status-publish","hentry"],"campaignId":"","_links":{"self":[{"href":"https:\/\/arche.plus\/pl\/wp-json\/wp\/v2\/pages\/17433","targetHints":{"allow":["GET"]}}],"collection":[{"href":"https:\/\/arche.plus\/pl\/wp-json\/wp\/v2\/pages"}],"about":[{"href":"https:\/\/arche.plus\/pl\/wp-json\/wp\/v2\/types\/page"}],"author":[{"embeddable":true,"href":"https:\/\/arche.plus\/pl\/wp-json\/wp\/v2\/users\/1"}],"replies":[{"embeddable":true,"href":"https:\/\/arche.plus\/pl\/wp-json\/wp\/v2\/comments?post=17433"}],"version-history":[{"count":1,"href":"https:\/\/arche.plus\/pl\/wp-json\/wp\/v2\/pages\/17433\/revisions"}],"predecessor-version":[{"id":17832,"href":"https:\/\/arche.plus\/pl\/wp-json\/wp\/v2\/pages\/17433\/revisions\/17832"}],"wp:attachment":[{"href":"https:\/\/arche.plus\/pl\/wp-json\/wp\/v2\/media?parent=17433"}],"curies":[{"name":"wp","href":"https:\/\/api.w.org\/{rel}","templated":true}]}}