{"id":12980,"date":"2024-06-25T10:57:04","date_gmt":"2024-06-25T10:57:04","guid":{"rendered":"https:\/\/arche.plus\/?page_id=12980"},"modified":"2025-08-11T19:32:54","modified_gmt":"2025-08-11T17:32:54","slug":"impressao","status":"publish","type":"page","link":"https:\/\/arche.plus\/pt\/impressao\/","title":{"rendered":"Impress\u00e3o"},"content":{"rendered":"<div data-elementor-type=\"wp-page\" data-elementor-id=\"12980\" class=\"elementor elementor-12980\" data-elementor-post-type=\"page\">\n\t\t\t\t<div class=\"elementor-element elementor-element-bee1074 e-flex e-con-boxed e-con e-parent\" data-id=\"bee1074\" data-element_type=\"container\" data-e-type=\"container\">\n\t\t\t\t\t<div class=\"e-con-inner\">\n\t\t\t\t<div class=\"elementor-element elementor-element-942eb2c elementor-widget elementor-widget-heading\" data-id=\"942eb2c\" data-element_type=\"widget\" data-e-type=\"widget\" data-widget_type=\"heading.default\">\n\t\t\t\t<div class=\"elementor-widget-container\">\n\t\t\t\t\t<h1 class=\"elementor-heading-title elementor-size-default\">Impress\u00e3o<\/h1>\t\t\t\t<\/div>\n\t\t\t\t<\/div>\n\t\t\t\t\t<\/div>\n\t\t\t\t<\/div>\n\t\t\t\t<section class=\"elementor-section elementor-top-section elementor-element elementor-element-47f2139f elementor-section-boxed elementor-section-height-default elementor-section-height-default\" data-id=\"47f2139f\" data-element_type=\"section\" data-e-type=\"section\">\n\t\t\t\t\t\t<div class=\"elementor-container elementor-column-gap-default\">\n\t\t\t\t\t<div class=\"elementor-column elementor-col-100 elementor-top-column elementor-element elementor-element-7e90479f\" data-id=\"7e90479f\" data-element_type=\"column\" data-e-type=\"column\">\n\t\t\t<div class=\"elementor-widget-wrap elementor-element-populated\">\n\t\t\t\t\t\t<div class=\"elementor-element elementor-element-25203768 elementor-widget elementor-widget-text-editor\" data-id=\"25203768\" data-element_type=\"widget\" data-e-type=\"widget\" data-widget_type=\"text-editor.default\">\n\t\t\t\t<div class=\"elementor-widget-container\">\n\t\t\t\t\t\t\t\t\t<h3><strong>Impress\u00e3o\/etiquetagem do fornecedor<\/strong><\/h3>\n<p><strong><br>arca+&nbsp;<\/strong>gGmbH<br>Hauptstra\u00dfe 76<br>97901 Altenbuch<\/p><p><strong>e-mail:<\/strong>&nbsp;info@arche.plus<br><strong>Registro comercial:<\/strong>&nbsp; Tribunal local de Darmstadt<br><strong>N\u00famero de registro comercial:<\/strong>&nbsp; HRB 104959<br><strong>N\u00famero de identifica\u00e7\u00e3o do imposto sobre vendas de acordo com o \u00a7 27a UStG:&nbsp;<\/strong>&nbsp;DE362376656<\/p>\n<h3><strong>Autorizado a representar a empresa:&nbsp;<\/strong><\/h3>\n<p>Gesch\u00e4ftsf\u00fchrer:&nbsp;Simone von Torklus<br>Respons\u00e1vel de acordo com o \u00a7 55 Abs. 2 RStV: Martin von Torklus, endere\u00e7o como acima<\/p>\n<h3><strong>Informa\u00e7\u00f5es sobre resolu\u00e7\u00e3o alternativa de disputas:<\/strong><\/h3>\n<p>N\u00e3o somos obrigados nem estamos dispostos a participar de procedimentos de resolu\u00e7\u00e3o de disputas perante um conselho de arbitragem de consumidores.<\/p>\n<h3><strong>Informa\u00e7\u00f5es sobre doa\u00e7\u00f5es<\/strong><\/h3>\n<p>O&nbsp;<strong>arca+<\/strong>&nbsp;A gGmbH \u00e9 uma organiza\u00e7\u00e3o sem fins lucrativos que \u00e9 financiada quase que exclusivamente por doa\u00e7\u00f5es. Ela tamb\u00e9m recebe um financiamento p\u00fablico limitado.<\/p>\n<h3><strong>Dados banc\u00e1rios:<\/strong><\/h3>\n<p><strong>arca+<\/strong>&nbsp;gGmbH<br>IBAN: DE63 4306 0967 1305 7970 00<br>BIC: GENODEM1GLS<\/p>\n<h3><strong>Confirma\u00e7\u00e3o da doa\u00e7\u00e3o<\/strong><\/h3>\n<p>O&nbsp;<strong>arca+&nbsp;<\/strong>gGmbH (Steuernummer 07 250 5064 1) f\u00f6rdert mildt\u00e4tige und gemeinn\u00fctzige Zwecke i.S.d. \u00a7\u00a7 51 ff. AO. Die Einhaltung der satzungsm\u00e4\u00dfigen Voraussetzungen nach den \u00a7\u00a7 51, 59, 60 und 61 AO ist vom Finanzamt Darmstadt mit Bescheid nach \u00a7 60a Abs. 1 AO gesondert festgestellt worden. Ihre Spende ist bei der Lohn- bzw. Einkommenssteuer abzugsf\u00e4hig. Im Januar des Folgejahres erhalten Sie daf\u00fcr eine Zuwendungsbest\u00e4tigung mit einer Auflistung Ihrer Spenden. Auch eine sofortige Zusendung nach Eingang einer Spende ist auf Anforderung jederzeit m\u00f6glich. Bei Betr\u00e4gen bis zu 200 Euro reicht f\u00fcr die Steuererkl\u00e4rung auch die Kopie des Kontoauszuges.<\/p>\n<h3><strong>Utiliza\u00e7\u00e3o de fundos<\/strong><\/h3>\n<p>Wir versichern, dass wir den Spendenbetrag nur satzungsgem\u00e4\u00df verwenden.&nbsp;Falls f\u00fcr einen bestimmten Zweck mehr Spenden als erforderlich eingehen, werden wir, Ihr Einverst\u00e4ndnis voraussetzend, diese f\u00fcr einen \u00e4hnlichen Zweck verwenden.&nbsp;Unsere Jahresabschl\u00fcsse werden von einem zugelassenen Wirtschaftspr\u00fcfer innerhalb von sechs Monaten gepr\u00fcft.<\/p>\t\t\t\t\t\t\t\t<\/div>\n\t\t\t\t<\/div>\n\t\t\t\t\t<\/div>\n\t\t<\/div>\n\t\t\t\t\t<\/div>\n\t\t<\/section>\n\t\t\t\t<\/div>","protected":false},"excerpt":{"rendered":"<p>Impressum Impressum \/ Anbieterkennzeichnung arche+&nbsp;gGmbHHauptstra\u00dfe 7697901 Altenbuch E-Mail:&nbsp;info@arche.plusHandelsregister:&nbsp; Amtsgericht DarmstadtHandelsregisternummer:&nbsp; HRB 104959Umsatzsteuer-Identifikationsnummer nach \u00a7 27a UStG:&nbsp;&nbsp;DE362376656 Vertretungsberechtigt:&nbsp; Gesch\u00e4ftsf\u00fchrer:&nbsp;Simone von TorklusVerantwortlich i.S.d. \u00a7 55 Abs. 2 RStV: Martin von Torklus, Anschrift wie oben Information zur alternativen Streitbeilegung: Zur Teilnahme an einem Streitbeilegungsverfahren vor einer Verbraucherschlichtungsstelle sind wir nicht verpflichtet und auch nicht bereit. Spendenhinweise Die&nbsp;arche+&nbsp;gGmbH ist&#8230;<\/p>","protected":false},"author":1,"featured_media":0,"parent":0,"menu_order":0,"comment_status":"closed","ping_status":"closed","template":"","meta":{"give_campaign_id":0,"_tbt_post_transparent":"","_tbt_post_title":"","_tbt_post_layout":"","_tbt_post_sidebar_id":"","_tbt_post_content_style":"","_tbt_post_vertical_padding":"","_tbt_post_feature":"","_tbt_post_feature_position":"","_tbt_post_header":false,"_tbt_post_footer":false},"class_list":["post-12980","page","type-page","status-publish","hentry"],"campaignId":"","_links":{"self":[{"href":"https:\/\/arche.plus\/pt\/wp-json\/wp\/v2\/pages\/12980","targetHints":{"allow":["GET"]}}],"collection":[{"href":"https:\/\/arche.plus\/pt\/wp-json\/wp\/v2\/pages"}],"about":[{"href":"https:\/\/arche.plus\/pt\/wp-json\/wp\/v2\/types\/page"}],"author":[{"embeddable":true,"href":"https:\/\/arche.plus\/pt\/wp-json\/wp\/v2\/users\/1"}],"replies":[{"embeddable":true,"href":"https:\/\/arche.plus\/pt\/wp-json\/wp\/v2\/comments?post=12980"}],"version-history":[{"count":13,"href":"https:\/\/arche.plus\/pt\/wp-json\/wp\/v2\/pages\/12980\/revisions"}],"predecessor-version":[{"id":20772,"href":"https:\/\/arche.plus\/pt\/wp-json\/wp\/v2\/pages\/12980\/revisions\/20772"}],"wp:attachment":[{"href":"https:\/\/arche.plus\/pt\/wp-json\/wp\/v2\/media?parent=12980"}],"curies":[{"name":"wp","href":"https:\/\/api.w.org\/{rel}","templated":true}]}}