{"id":13877,"date":"2024-07-08T14:15:36","date_gmt":"2024-07-08T14:15:36","guid":{"rendered":"https:\/\/arche.plus\/spende-gescheitert"},"modified":"2024-07-08T14:15:36","modified_gmt":"2024-07-08T14:15:36","slug":"donatie-esuata","status":"publish","type":"page","link":"https:\/\/arche.plus\/ro\/donatie-esuata\/","title":{"rendered":"Dona\u021bie e\u0219uat\u0103"},"content":{"rendered":"<p>Ne pare r\u0103u, dona\u021bia dvs. nu a putut fi procesat\u0103. V\u0103 rug\u0103m s\u0103 \u00eencerca\u021bi din nou sau s\u0103 contacta\u021bi asisten\u021ba site-ului.<\/p>","protected":false},"excerpt":{"rendered":"<p>Ne pare r\u0103u, dona\u021bia dvs. nu a putut fi procesat\u0103. V\u0103 rug\u0103m s\u0103 \u00eencerca\u021bi din nou sau s\u0103 contacta\u021bi asisten\u021ba site-ului.<\/p>","protected":false},"author":1,"featured_media":0,"parent":0,"menu_order":0,"comment_status":"closed","ping_status":"closed","template":"","meta":{"give_campaign_id":0,"_tbt_post_transparent":"","_tbt_post_title":"","_tbt_post_layout":"","_tbt_post_sidebar_id":"","_tbt_post_content_style":"","_tbt_post_vertical_padding":"","_tbt_post_feature":"","_tbt_post_feature_position":"","_tbt_post_header":false,"_tbt_post_footer":false},"class_list":["post-13877","page","type-page","status-publish","hentry"],"campaignId":"","_links":{"self":[{"href":"https:\/\/arche.plus\/ro\/wp-json\/wp\/v2\/pages\/13877","targetHints":{"allow":["GET"]}}],"collection":[{"href":"https:\/\/arche.plus\/ro\/wp-json\/wp\/v2\/pages"}],"about":[{"href":"https:\/\/arche.plus\/ro\/wp-json\/wp\/v2\/types\/page"}],"author":[{"embeddable":true,"href":"https:\/\/arche.plus\/ro\/wp-json\/wp\/v2\/users\/1"}],"replies":[{"embeddable":true,"href":"https:\/\/arche.plus\/ro\/wp-json\/wp\/v2\/comments?post=13877"}],"version-history":[{"count":0,"href":"https:\/\/arche.plus\/ro\/wp-json\/wp\/v2\/pages\/13877\/revisions"}],"wp:attachment":[{"href":"https:\/\/arche.plus\/ro\/wp-json\/wp\/v2\/media?parent=13877"}],"curies":[{"name":"wp","href":"https:\/\/api.w.org\/{rel}","templated":true}]}}