{"id":6796,"date":"2022-03-17T11:34:58","date_gmt":"2022-03-17T11:34:58","guid":{"rendered":"https:\/\/wp.themedemo.org\/WP01\/WP002\/newsletter-2\/"},"modified":"2024-07-15T13:42:24","modified_gmt":"2024-07-15T13:42:24","slug":"confirmare-newsletter","status":"publish","type":"page","link":"https:\/\/arche.plus\/ro\/confirmare-newsletter\/","title":{"rendered":"Confirmarea \u00eenregistr\u0103rii la newsletter"},"content":{"rendered":"<div data-elementor-type=\"wp-page\" data-elementor-id=\"6796\" class=\"elementor elementor-6796\" data-elementor-post-type=\"page\">\n\t\t\t\t<div class=\"elementor-element elementor-element-2ad21e29 e-con-full e-flex e-con e-parent\" data-id=\"2ad21e29\" data-element_type=\"container\" data-e-type=\"container\" data-settings=\"{&quot;background_background&quot;:&quot;classic&quot;}\">\n\t\t\t\t<\/div>\n\t\t<div class=\"elementor-element elementor-element-4aad9859 e-con-full e-flex e-con e-parent\" data-id=\"4aad9859\" data-element_type=\"container\" data-e-type=\"container\" data-settings=\"{&quot;background_background&quot;:&quot;classic&quot;}\">\n\t\t\t\t<div class=\"elementor-element elementor-element-6d298a8c elementor-widget__width-initial elementor-widget-mobile__width-inherit elementor-widget elementor-widget-image-box\" data-id=\"6d298a8c\" data-element_type=\"widget\" data-e-type=\"widget\" data-widget_type=\"image-box.default\">\n\t\t\t\t<div class=\"elementor-widget-container\">\n\t\t\t\t\t<div class=\"elementor-image-box-wrapper\"><div class=\"elementor-image-box-content\"><h3 class=\"elementor-image-box-title\">Un bun venit c\u0103lduros!<\/h3><p class=\"elementor-image-box-description\">\u00cenregistrarea dvs. pentru buletinul informativ arche+ a fost primit\u0103.<br>V\u0103 rug\u0103m s\u0103 re\u021bine\u021bi urm\u0103toarele informa\u021bii.<\/p><\/div><\/div>\t\t\t\t<\/div>\n\t\t\t\t<\/div>\n\t\t<div class=\"elementor-element elementor-element-2b08811b e-con-full e-flex e-con e-child\" data-id=\"2b08811b\" data-element_type=\"container\" data-e-type=\"container\">\n\t\t\t\t<div class=\"elementor-element elementor-element-1008bd67 elementor-widget-tablet__width-initial elementor-widget-mobile__width-inherit elementor-widget__width-initial elementor-widget elementor-widget-icon-box\" data-id=\"1008bd67\" data-element_type=\"widget\" data-e-type=\"widget\" data-widget_type=\"icon-box.default\">\n\t\t\t\t<div class=\"elementor-widget-container\">\n\t\t\t\t\t\t\t<div class=\"elementor-icon-box-wrapper\">\n\n\t\t\t\n\t\t\t\t\t\t<div class=\"elementor-icon-box-content\">\n\n\t\t\t\t\t\t\t\t\t<h3 class=\"elementor-icon-box-title\">\n\t\t\t\t\t\t<span  >\n\t\t\t\t\t\t\tAnmeldebest\u00e4tigung\t\t\t\t\t\t<\/span>\n\t\t\t\t\t<\/h3>\n\t\t\t\t\n\t\t\t\t\t\t\t\t\t<p class=\"elementor-icon-box-description\">\n\t\t\t\t\t\tSie haben nun eine Email in Ihrem Postfach, darin werden Sei aufgefordert die Anmeldung \u00fcber den Button \"Abonnieren\" zu best\u00e4tigen.\t\t\t\t\t<\/p>\n\t\t\t\t\n\t\t\t<\/div>\n\t\t\t\n\t\t<\/div>\n\t\t\t\t\t\t<\/div>\n\t\t\t\t<\/div>\n\t\t\t\t<div class=\"elementor-element elementor-element-2328f065 elementor-widget-tablet__width-initial elementor-widget-mobile__width-inherit elementor-widget__width-initial elementor-widget elementor-widget-icon-box\" data-id=\"2328f065\" data-element_type=\"widget\" data-e-type=\"widget\" data-widget_type=\"icon-box.default\">\n\t\t\t\t<div class=\"elementor-widget-container\">\n\t\t\t\t\t\t\t<div class=\"elementor-icon-box-wrapper\">\n\n\t\t\t\n\t\t\t\t\t\t<div class=\"elementor-icon-box-content\">\n\n\t\t\t\t\t\t\t\t\t<h3 class=\"elementor-icon-box-title\">\n\t\t\t\t\t\t<span  >\n\t\t\t\t\t\t\tVerifica\u021bi dosarul spam\t\t\t\t\t\t<\/span>\n\t\t\t\t\t<\/h3>\n\t\t\t\t\n\t\t\t\t\t\t\t\t\t<p class=\"elementor-icon-box-description\">\n\t\t\t\t\t\tEs kann passieren, dass das Email im Spam Ordner ladet. Bitte pr\u00fcfen Sie diesen, falls die Email nicht in Ihrem Posteingang angekommen ist.\t\t\t\t\t<\/p>\n\t\t\t\t\n\t\t\t<\/div>\n\t\t\t\n\t\t<\/div>\n\t\t\t\t\t\t<\/div>\n\t\t\t\t<\/div>\n\t\t\t\t<div class=\"elementor-element elementor-element-4ac9a19f elementor-widget-tablet__width-initial elementor-widget-mobile__width-inherit elementor-widget__width-initial elementor-widget elementor-widget-icon-box\" data-id=\"4ac9a19f\" data-element_type=\"widget\" data-e-type=\"widget\" data-widget_type=\"icon-box.default\">\n\t\t\t\t<div class=\"elementor-widget-container\">\n\t\t\t\t\t\t\t<div class=\"elementor-icon-box-wrapper\">\n\n\t\t\t\n\t\t\t\t\t\t<div class=\"elementor-icon-box-content\">\n\n\t\t\t\t\t\t\t\t\t<h3 class=\"elementor-icon-box-title\">\n\t\t\t\t\t\t<span  >\n\t\t\t\t\t\t\tark+ \u0219tiri\t\t\t\t\t\t<\/span>\n\t\t\t\t\t<\/h3>\n\t\t\t\t\n\t\t\t\t\t\t\t\t\t<p class=\"elementor-icon-box-description\">\n\t\t\t\t\t\tIn kurzen Formaten bieten wir Ihnen neben aktuellen News, auch spannende und informative Hintergr\u00fcnde rund um unsere Kernthemen.\t\t\t\t\t<\/p>\n\t\t\t\t\n\t\t\t<\/div>\n\t\t\t\n\t\t<\/div>\n\t\t\t\t\t\t<\/div>\n\t\t\t\t<\/div>\n\t\t\t\t<\/div>\n\t\t\t\t<\/div>\n\t\t<div class=\"elementor-element elementor-element-46de9fa e-flex e-con-boxed e-con e-parent\" data-id=\"46de9fa\" data-element_type=\"container\" data-e-type=\"container\">\n\t\t\t\t\t<div class=\"e-con-inner\">\n\t\t\t\t<div class=\"elementor-element elementor-element-8db68d2 elementor-widget elementor-widget-text-editor\" data-id=\"8db68d2\" data-element_type=\"widget\" data-e-type=\"widget\" data-widget_type=\"text-editor.default\">\n\t\t\t\t<div class=\"elementor-widget-container\">\n\t\t\t\t\t\t\t\t\t<p>Sollten Sie die Newsletter Anmeldung nicht angefordert haben, k\u00f6nnen Sie diese Mail ignorieren, und wir bitten Sie um Entschuldigung f\u00fcr die St\u00f6rung.<\/p>\t\t\t\t\t\t\t\t<\/div>\n\t\t\t\t<\/div>\n\t\t\t\t\t<\/div>\n\t\t\t\t<\/div>\n\t\t<div class=\"elementor-element elementor-element-87e08ee e-flex e-con-boxed e-con e-parent\" data-id=\"87e08ee\" data-element_type=\"container\" data-e-type=\"container\">\n\t\t\t\t\t<div class=\"e-con-inner\">\n\t\t\t\t<div class=\"elementor-element elementor-element-3cfa93a elementor-widget-divider--view-line elementor-widget elementor-widget-divider\" data-id=\"3cfa93a\" data-element_type=\"widget\" data-e-type=\"widget\" data-widget_type=\"divider.default\">\n\t\t\t\t<div class=\"elementor-widget-container\">\n\t\t\t\t\t\t\t<div class=\"elementor-divider\">\n\t\t\t<span class=\"elementor-divider-separator\">\n\t\t\t\t\t\t<\/span>\n\t\t<\/div>\n\t\t\t\t\t\t<\/div>\n\t\t\t\t<\/div>\n\t\t\t\t\t<\/div>\n\t\t\t\t<\/div>\n\t\t<div class=\"elementor-element elementor-element-26e46b9 e-flex e-con-boxed e-con e-parent\" data-id=\"26e46b9\" data-element_type=\"container\" data-e-type=\"container\">\n\t\t\t\t\t<div class=\"e-con-inner\">\n\t\t\t\t<div class=\"elementor-element elementor-element-9d5bd7e elementor-widget elementor-widget-heading\" data-id=\"9d5bd7e\" data-element_type=\"widget\" data-e-type=\"widget\" data-widget_type=\"heading.default\">\n\t\t\t\t<div class=\"elementor-widget-container\">\n\t\t\t\t\t<h1 class=\"elementor-heading-title elementor-size-default\">Gemeinsam k\u00f6nnen wir Neues schaffen!<\/h1>\t\t\t\t<\/div>\n\t\t\t\t<\/div>\n\t\t\t\t\t<\/div>\n\t\t\t\t<\/div>\n\t\t<div class=\"elementor-element elementor-element-46f6dcf e-flex e-con-boxed e-con e-parent\" data-id=\"46f6dcf\" data-element_type=\"container\" data-e-type=\"container\">\n\t\t\t\t\t<div class=\"e-con-inner\">\n\t\t\t\t<div class=\"elementor-element elementor-element-5f644ef elementor-widget-divider--view-line elementor-widget elementor-widget-divider\" data-id=\"5f644ef\" data-element_type=\"widget\" data-e-type=\"widget\" data-widget_type=\"divider.default\">\n\t\t\t\t<div class=\"elementor-widget-container\">\n\t\t\t\t\t\t\t<div class=\"elementor-divider\">\n\t\t\t<span class=\"elementor-divider-separator\">\n\t\t\t\t\t\t<\/span>\n\t\t<\/div>\n\t\t\t\t\t\t<\/div>\n\t\t\t\t<\/div>\n\t\t\t\t\t<\/div>\n\t\t\t\t<\/div>\n\t\t<div class=\"elementor-element elementor-element-21600fb e-grid e-con-boxed e-con e-parent\" data-id=\"21600fb\" data-element_type=\"container\" data-e-type=\"container\">\n\t\t\t\t\t<div class=\"e-con-inner\">\n\t\t\t\t<div class=\"elementor-element elementor-element-2465ed0 elementor-widget elementor-widget-image\" data-id=\"2465ed0\" data-element_type=\"widget\" data-e-type=\"widget\" data-widget_type=\"image.default\">\n\t\t\t\t<div class=\"elementor-widget-container\">\n\t\t\t\t\t\t\t\t\t\t\t\t<figure class=\"wp-caption\">\n\t\t\t\t\t\t\t\t\t\t<img decoding=\"async\" width=\"300\" height=\"52\" src=\"https:\/\/arche.plus\/wp-content\/uploads\/2024\/07\/signatur_svt-300x52.webp\" class=\"attachment-medium size-medium wp-image-13510\" alt=\"o foarfec\u0103 albastr\u0103 \u0219i alb\u0103\" srcset=\"https:\/\/arche.plus\/wp-content\/uploads\/2024\/07\/signatur_svt-300x52.webp 300w, https:\/\/arche.plus\/wp-content\/uploads\/2024\/07\/signatur_svt-1024x178.webp 1024w, https:\/\/arche.plus\/wp-content\/uploads\/2024\/07\/signatur_svt-768x134.webp 768w, https:\/\/arche.plus\/wp-content\/uploads\/2024\/07\/signatur_svt-18x3.webp 18w, https:\/\/arche.plus\/wp-content\/uploads\/2024\/07\/signatur_svt-600x105.webp 600w, https:\/\/arche.plus\/wp-content\/uploads\/2024\/07\/signatur_svt.webp 1280w\" sizes=\"(max-width: 300px) 100vw, 300px\" title=\"\">\t\t\t\t\t\t\t\t\t\t\t<figcaption class=\"widget-image-caption wp-caption-text\">Simone v. Torklus<\/figcaption>\n\t\t\t\t\t\t\t\t\t\t<\/figure>\n\t\t\t\t\t\t\t\t\t<\/div>\n\t\t\t\t<\/div>\n\t\t\t\t<div class=\"elementor-element elementor-element-c470938 elementor-widget elementor-widget-image\" data-id=\"c470938\" data-element_type=\"widget\" data-e-type=\"widget\" data-widget_type=\"image.default\">\n\t\t\t\t<div class=\"elementor-widget-container\">\n\t\t\t\t\t\t\t\t\t\t\t\t<figure class=\"wp-caption\">\n\t\t\t\t\t\t\t\t\t\t<img decoding=\"async\" width=\"300\" height=\"81\" src=\"https:\/\/arche.plus\/wp-content\/uploads\/2024\/07\/signatur_mvt-300x81.webp\" class=\"attachment-medium size-medium wp-image-13509\" alt=\"\" srcset=\"https:\/\/arche.plus\/wp-content\/uploads\/2024\/07\/signatur_mvt-300x81.webp 300w, https:\/\/arche.plus\/wp-content\/uploads\/2024\/07\/signatur_mvt-1024x278.webp 1024w, https:\/\/arche.plus\/wp-content\/uploads\/2024\/07\/signatur_mvt-768x208.webp 768w, https:\/\/arche.plus\/wp-content\/uploads\/2024\/07\/signatur_mvt-18x5.webp 18w, https:\/\/arche.plus\/wp-content\/uploads\/2024\/07\/signatur_mvt-600x163.webp 600w, https:\/\/arche.plus\/wp-content\/uploads\/2024\/07\/signatur_mvt.webp 1280w\" sizes=\"(max-width: 300px) 100vw, 300px\" title=\"\">\t\t\t\t\t\t\t\t\t\t\t<figcaption class=\"widget-image-caption wp-caption-text\">Martin v. Torklus<\/figcaption>\n\t\t\t\t\t\t\t\t\t\t<\/figure>\n\t\t\t\t\t\t\t\t\t<\/div>\n\t\t\t\t<\/div>\n\t\t\t\t\t<\/div>\n\t\t\t\t<\/div>\n\t\t\t\t<\/div>","protected":false},"excerpt":{"rendered":"<p>Herzlich Willkommen! Ihre Anmeldung zum arche+ Newsletter ist eingegangen.Bitte beachten Sie folgende Hinweise. Anmeldebest\u00e4tigung Sie haben nun eine Email in Ihrem Postfach, darin werden Sei aufgefordert die Anmeldung \u00fcber den Button &#8222;Abonnieren&#8220; zu best\u00e4tigen. Spam Ordner checken Es kann passieren, dass das Email im Spam Ordner ladet. Bitte pr\u00fcfen Sie diesen, falls die Email nicht&#8230;<\/p>","protected":false},"author":1,"featured_media":0,"parent":0,"menu_order":0,"comment_status":"closed","ping_status":"closed","template":"","meta":{"give_campaign_id":0,"_tbt_post_transparent":"","_tbt_post_title":"","_tbt_post_layout":"","_tbt_post_sidebar_id":"","_tbt_post_content_style":"","_tbt_post_vertical_padding":"","_tbt_post_feature":"","_tbt_post_feature_position":"","_tbt_post_header":false,"_tbt_post_footer":false},"class_list":["post-6796","page","type-page","status-publish","hentry"],"campaignId":"","_links":{"self":[{"href":"https:\/\/arche.plus\/ro\/wp-json\/wp\/v2\/pages\/6796","targetHints":{"allow":["GET"]}}],"collection":[{"href":"https:\/\/arche.plus\/ro\/wp-json\/wp\/v2\/pages"}],"about":[{"href":"https:\/\/arche.plus\/ro\/wp-json\/wp\/v2\/types\/page"}],"author":[{"embeddable":true,"href":"https:\/\/arche.plus\/ro\/wp-json\/wp\/v2\/users\/1"}],"replies":[{"embeddable":true,"href":"https:\/\/arche.plus\/ro\/wp-json\/wp\/v2\/comments?post=6796"}],"version-history":[{"count":13,"href":"https:\/\/arche.plus\/ro\/wp-json\/wp\/v2\/pages\/6796\/revisions"}],"predecessor-version":[{"id":14519,"href":"https:\/\/arche.plus\/ro\/wp-json\/wp\/v2\/pages\/6796\/revisions\/14519"}],"wp:attachment":[{"href":"https:\/\/arche.plus\/ro\/wp-json\/wp\/v2\/media?parent=6796"}],"curies":[{"name":"wp","href":"https:\/\/api.w.org\/{rel}","templated":true}]}}